{"id":757,"date":"2025-10-13T22:36:13","date_gmt":"2025-10-13T20:36:13","guid":{"rendered":"https:\/\/mathelios.fr\/?page_id=757"},"modified":"2025-11-24T19:05:05","modified_gmt":"2025-11-24T18:05:05","slug":"demander-un-devis","status":"publish","type":"page","link":"https:\/\/mathelios.fr\/en\/mathelios-consulting-coaching-formation\/demander-un-devis\/","title":{"rendered":"Request a Proposal"},"content":{"rendered":"<div class=\"wpb-content-wrapper\"><div class=\"vc_row wpb_row vc_row-fluid\"   ><div class=\"wpb_column vc_column_container vc_col-sm-12\"><div class=\"vc_column-inner\"><div class=\"wpb_wrapper\">\n\t\t\t\t<p class=\"rs-p-wp-fix\"><\/p>\n\t\t\t\t<sr7-module data-alias=\"me-contacter-1\" data-id=\"18\" id=\"SR7_18_1\" class=\"rs-ov-hidden\" data-version=\"6.7.32\">\n\t\t\t\t\t<sr7-adjuster><\/sr7-adjuster>\n\t\t\t\t\t<sr7-content>\n\t\t\t\t\t\t<sr7-slide id=\"SR7_18_1-42\" data-key=\"42\">\n\t\t\t\t\t\t\t<h1 id=\"SR7_18_1-42-1\" class=\"sr7-layer\"><span style=\"  display:inline-block;  transform: rotate(-15deg);  transform-origin: left bottom;  position: relative; top:4px; left:7px;\">E<\/span>very partnership starts with a conversation<\/h1>\n\t\t\t\t\t\t<\/sr7-slide>\n\t\t\t\t\t\t<sr7-slide id=\"SR7_18_1-43\" data-key=\"43\">\n\t\t\t\t\t\t<\/sr7-slide>\n\t\t\t\t\t<\/sr7-content>\n\t\t\t\t\t<image_lists style=\"display:none\">\n\t\t\t\t\t\t<img data-src=\"\/\/mathelios.fr\/wp-content\/uploads\/2025\/10\/Obtenir-un-devis-MatheLios-scaled.webp\" data-libid=\"775\" data-lib=\"medialibrary\" alt=\"Obtenir un devis - Math\u00e9Lios\" title=\"Obtenir un devis &#8211; Math\u00e9Lios\" width=\"0\" height=\"0\" data-dbsrc=\"Ly9tYXRoZWxpb3MuZnIvd3AtY29udGVudC91cGxvYWRzLzIwMjUvMTAvT2J0ZW5pci11bi1kZXZpcy1NYXRoZUxpb3Mtc2NhbGVkLndlYnA=\"\/>\n\t\t\t\t\t<\/image_lists>\n\t\t\t\t<\/sr7-module>\n\t\t\t\t<script>\n\t\t\t\t\tSR7.PMH ??={}; SR7.PMH[\"SR7_18_1\"] = {cn:100,state:false,fn: function() { if (_tpt!==undefined && _tpt.prepareModuleHeight !== undefined) {  _tpt.prepareModuleHeight({id:\"SR7_18_1\",el:[400,400,500,400,300],type:'hero',shdw:'0',gh:[400,400,200,400,300],gw:[1240,1240,1024,778,480],vpt:['-100px&#039;,&#039;-100px&#039;,&#039;-100px&#039;,&#039;-100px&#039;,&#039;-100px'],size:{fullWidth:true, fullHeight:false},mh:'0',onh:0,onw:0,bg:{color:'{\"orig\":\"transparent\",\"type\":\"solid\",\"string\":\"transparent\"}'},plType:'-1',plColor:'#FFFFFF'});   SR7.PMH[\"SR7_18_1\"].state=true;} else if(SR7.PMH[\"SR7_18_1\"].cn-->0)\tsetTimeout( SR7.PMH[\"SR7_18_1\"].fn,19);}};SR7.PMH[\"SR7_18_1\" ].fn();\n\t\t\t\t<\/script>\n<\/div><\/div><\/div><\/div><div data-vc-full-width=\"true\" data-vc-full-width-init=\"false\" class=\"vc_row wpb_row vc_row-fluid vc_custom_1758725169663 vc_row-has-fill\"   ><div class=\"wpb_column vc_column_container vc_col-sm-12\"><div class=\"vc_column-inner\"><div class=\"wpb_wrapper\"><div class=\"vc_empty_space\"   style=\"height: 30px\"><span class=\"vc_empty_space_inner\"><\/span><\/div>\r\n\t<div class=\"wpb_text_column wpb_content_element  lead\"  >\r\n\t\t<div class=\"wpb_wrapper\">\r\n\t\t\t<h2 style=\"margin-top: 0; line-height: 1.1; text-align: left; color: #092f59;\"><span style=\"display: inline-block; transform: rotate(-15deg); transform-origin: left bottom; position: relative; top: 4px; left: 5px;\">R<\/span>equest a Proposal<\/h2>\n\r\n\t\t<\/div>\r\n\t<\/div>\r\n<div class=\"vc_row wpb_row vc_inner vc_row-fluid\"><div class=\"wpb_column vc_column_container vc_col-sm-12\"><div class=\"vc_column-inner\"><div class=\"wpb_wrapper\"><div class=\"contact-form-module\"><form\r\n\t\t\t\t\taction=\"\/en\/wp-json\/wp\/v2\/pages\/757\"\r\n\t\t\t\t\tmethod=\"post\"\r\n\t\t\t\t\tname=\"contactForm1458894784313-358fde12-dd09\"\r\n\t\t\t\t\tid=\"contactForm1458894784313-358fde12-dd09\"\r\n\t\t\t\t\t\r\n\t\t\t        role=\"form\"\r\n\t\t\t        class=\"crumina-contact-form\" data-trp-original-action=\"\/en\/wp-json\/wp\/v2\/pages\/757\"\r\n\t\t\t        ><div class=\"row\"><div class=\"col-md-6\"><div class=\"form-group\"><label class=\"control-label upper\" for=\"name1458894784313-358fde12-dd09\">Name<\/label><input type=\"text\" class=\"form-control required\" name=\"senderName1458894784313-358fde12-dd09\" placeholder=\"Enter your name\" id=\"name1458894784313-358fde12-dd09\" aria-required=\"true\" value=\"\"><\/div><\/div><div class=\"col-md-6\"><div class=\"form-group\"><label class=\"control-label upper\" for=\"email1458894784313-358fde12-dd09\">Email<\/label><input type=\"email\" class=\"form-control required email\" name=\"senderEmail1458894784313-358fde12-dd09\" placeholder=\"Enter your email\" id=\"email1458894784313-358fde12-dd09\" aria-required=\"true\" value=\"\"><\/div><\/div><\/div><div class=\"row\"><div class=\"col-md-6\"><div class=\"form-group\"><label class=\"upper control-label\" for=\"phone1458894784313-358fde12-dd09\">Phone:<\/label><input type=\"text\" class=\"form-control required\" name=\"phone1458894784313-358fde12-dd09\" placeholder=\"Entrez votre num\u00e9ro de t\u00e9l\u00e9phone\" id=\"phone1458894784313-358fde12-dd09\" aria-required=\"true\" value=\"\"><\/div><\/div><div class=\"col-md-6\"><div class=\"form-group\"><label class=\"upper control-label\" for=\"company1458894784313-358fde12-dd09\">Company<\/label><input type=\"text\" class=\"form-control required\" name=\"company1458894784313-358fde12-dd09\" placeholder=\"Enter your company name\" id=\"company1458894784313-358fde12-dd09\" aria-required=\"true\" value=\"\"><\/div><\/div><\/div><div class=\"row\"><div class=\"col-md-12\"><div class=\"form-group\"><label class=\"control-label upper\" for=\"comment1458894784313-358fde12-dd09\">Message<\/label><textarea class=\"form-control required\" name=\"comment1458894784313-358fde12-dd09\" rows=\"9\" placeholder=\"Enter your message\" id=\"comment1458894784313-358fde12-dd09\" aria-required=\"true\"><\/textarea><\/div><\/div><\/div><div class=\"row\"><div class=\"col-md-12\"><div class=\"form-group text-left\"><button class=\"btn btn-white\" type=\"submit\" id=\"form-submit\"><i class=\"fa fa-paper-plane\"><\/i>&nbsp;Send<\/button><\/div><\/div><\/div><input type=\"hidden\" name=\"submitted1458894784313-358fde12-dd09\" id=\"submitted\" value=\"true\" \/><input type=\"hidden\" name=\"trp-form-language\" value=\"en\"\/><\/form><\/div><\/div><\/div><\/div><\/div><div class=\"vc_empty_space\"   style=\"height: 30px\"><span class=\"vc_empty_space_inner\"><\/span><\/div><\/div><\/div><\/div><\/div><div class=\"vc_row-full-width\"><\/div><div class=\"vc_row wpb_row vc_row-fluid\"   ><div class=\"wpb_column vc_column_container vc_col-sm-12\"><div class=\"vc_column-inner\"><div class=\"wpb_wrapper\"><div class=\"vc_empty_space\"   style=\"height: 5px\"><span class=\"vc_empty_space_inner\"><\/span><\/div><div class=\"vc_row wpb_row vc_inner vc_row-fluid\"><div class=\"wpb_column vc_column_container vc_col-sm-9\"><div class=\"vc_column-inner\"><div class=\"wpb_wrapper\"><div class=\"text-left\"><div class=\"m-b-20 custom-heading\"  ><h3 style=\"font-size: 18px; color: #21bbee !important; font-weight:bold !important; \">FAQ<\/h3><h4 class=\"\" style=\"font-size: 14px; color: #092f59 !important; \">Have a question? Find your answer here!<\/h4><\/div><\/div><div class=\"accordion fancy radius clean\"  ><div class=\"ac-item ac-active\"><h5 class=\"ac-title\"><i class=\"fa fa-solid fa-euro-sign\" ><\/i>How much do your training courses cost?<\/h5><div class=\"ac-content\">My services are tailored to your needs and the duration of the engagement. Each proposal is customised to your specific challenges, following a discussion to understand your objectives and define the most effective solution.<\/div><\/div><div class=\"ac-item\"><h5 class=\"ac-title\"><i class=\"fa fa-solid fa-briefcase\" ><\/i>How does a partnership with Math\u00e9Lios work?<\/h5><div class=\"ac-content\">Each engagement is unique. It always begins with a conversation to understand your needs, resources, and goals. The proposal is then adjusted to match the desired pace and depth of the work.<\/div><\/div><div class=\"ac-item\"><h5 class=\"ac-title\"><i class=\"fa fa-solid fa-chart-line\" ><\/i>Can I combine different types of support?<\/h5><div class=\"ac-content\">Absolutely. Training, coaching, and consulting complement and enrich one another. The support process is designed to be adaptive and evolving, not a fixed offer.<\/div><\/div><div class=\"ac-item\"><h5 class=\"ac-title\"><i class=\"fa fa-solid fa-user-tie\" ><\/i>Who are your training and support services designed for?<\/h5><div class=\"ac-content\">My services are designed for organisations, associations, and public or private institutions, as well as their leaders and teams. Each training course is tailored to your organisation\u2019s specific challenges.<\/div><\/div><div class=\"ac-item\"><h5 class=\"ac-title\"><i class=\"fa fa-solid fa-clock\" ><\/i>What is the typical duration of a training or coaching programme?<\/h5><div class=\"ac-content\">It depends on your needs: from a short workshop lasting a few hours to a multi-month programme.<\/div><\/div><div class=\"ac-item\"><h5 class=\"ac-title\"><i class=\"fa fa-solid fa-compass\" ><\/i>Can the sessions be conducted remotely, or only in person?<\/h5><div class=\"ac-content\">Sessions are organised to suit your context: in person, online or in a hybrid format.\n<\/div><\/div><\/div><\/div><\/div><\/div><div class=\"wpb_column vc_column_container vc_col-sm-3\"><div class=\"vc_column-inner\"><div class=\"wpb_wrapper\"><div class=\"text-left\"><div class=\"m-b-20 custom-heading\"  ><h3 style=\"font-size: 18px; color: #21bbee !important; font-weight:bold !important; \">Blog<\/h3><h4 class=\"\" style=\"font-size: 14px; color: #092f59 !important; \">Discover my latest articles<\/h4><\/div><\/div><div class=\"post-thumbnail-list  clearfix\"><div class=\"post-thumbnail-entry\"  ><a href=\"https:\/\/mathelios.fr\/en\/blog\/comment-mobiliser-durablement-une-equipe-en-periode-de-changement\/\" class=\"image\"><\/a><div class=\"post-thumbnail-content\"><a href=\"https:\/\/mathelios.fr\/en\/blog\/comment-mobiliser-durablement-une-equipe-en-periode-de-changement\/\"><h4>Comment mobiliser durablement une \u00e9quipe en p\u00e9riode de changement ?<\/h4><\/a><span class=\"post-date\"><i class=\"fa fa-clock\"><\/i> 01 Dec 2025<\/span><span class=\"post-category\"><a href=\"https:\/\/mathelios.fr\/en\/blog\/category\/non-classe\/\" style=\"color:#999; font-size:13px\"><i class=\"fa fa-tag\"><\/i> Non class\u00e9<\/a><\/span><\/div><\/div><div class=\"post-thumbnail-entry\"  ><a href=\"https:\/\/mathelios.fr\/en\/blog\/mathelios-accompagner-transformations-humaines-strategiques-organisations\/\" class=\"image\"><\/a><div class=\"post-thumbnail-content\"><a href=\"https:\/\/mathelios.fr\/en\/blog\/mathelios-accompagner-transformations-humaines-strategiques-organisations\/\"><h4>Launch of Math\u00e9Lios: Supporting Human and Strategic Transformations Within Organisations<\/h4><\/a><span class=\"post-date\"><i class=\"fa fa-clock\"><\/i> 14 Mar 2025<\/span><span class=\"post-category\"><a href=\"https:\/\/mathelios.fr\/en\/blog\/category\/non-classe\/\" style=\"color:#999; font-size:13px\"><i class=\"fa fa-tag\"><\/i> Non class\u00e9<\/a><\/span><\/div><\/div><\/div><\/div><\/div><\/div><\/div><div class=\"vc_empty_space\"   style=\"height: 60px\"><span class=\"vc_empty_space_inner\"><\/span><\/div><\/div><\/div><\/div><\/div>\n<\/div>","protected":false},"excerpt":{"rendered":"Lancement de Math\u00e9Lios : accompagner les transformations humaines et strat\u00e9giques des organisations Aujourd\u2019hui, les organisations \u00e9voluent dans un monde o\u00f9 la complexit\u00e9 est devenue une donn\u00e9e de fait.L\u2019accompagner ne rel\u00e8ve plus d\u2019une m\u00e9thode : cela exige une vision et une intelligence du vivant. Pourquoi Math\u00e9lios De plus en plus de dirigeants et d\u2019\u00e9quipes font le [...]","protected":false},"author":1,"featured_media":0,"parent":291,"menu_order":0,"comment_status":"closed","ping_status":"closed","template":"","meta":{"footnotes":""},"class_list":["post-757","page","type-page","status-publish","hentry"],"yoast_head":"<!-- This site is optimized with the Yoast SEO plugin v26.3 - https:\/\/yoast.com\/wordpress\/plugins\/seo\/ -->\n<title>Demander un devis - Math\u00e9Lios<\/title>\n<meta name=\"description\" content=\"Demandez un devis personnalis\u00e9 pour un accompagnement Math\u00e9Lios adapt\u00e9 \u00e0 vos enjeux strat\u00e9giques, humains et organisationnels.\" \/>\n<meta name=\"robots\" content=\"index, follow, max-snippet:-1, max-image-preview:large, max-video-preview:-1\" \/>\n<link rel=\"canonical\" href=\"https:\/\/mathelios.fr\/en\/mathelios-consulting-coaching-formation\/demander-un-devis\/\" \/>\n<meta property=\"og:locale\" content=\"en_GB\" \/>\n<meta property=\"og:type\" content=\"article\" \/>\n<meta property=\"og:title\" content=\"Demander un devis - Math\u00e9Lios\" \/>\n<meta property=\"og:description\" content=\"Demandez un devis personnalis\u00e9 pour un accompagnement Math\u00e9Lios adapt\u00e9 \u00e0 vos enjeux strat\u00e9giques, humains et organisationnels.\" \/>\n<meta property=\"og:url\" content=\"https:\/\/mathelios.fr\/en\/mathelios-consulting-coaching-formation\/demander-un-devis\/\" \/>\n<meta property=\"og:site_name\" content=\"Math\u00e9Lios\" \/>\n<meta property=\"article:publisher\" content=\"https:\/\/www.facebook.com\/profile.php?id=61583651967718\" \/>\n<meta property=\"article:modified_time\" content=\"2025-11-24T18:05:05+00:00\" \/>\n<meta name=\"twitter:card\" content=\"summary_large_image\" \/>\n<meta name=\"twitter:label1\" content=\"Estimated reading time\" \/>\n\t<meta name=\"twitter:data1\" content=\"1 minute\" \/>\n<script type=\"application\/ld+json\" class=\"yoast-schema-graph\">{\"@context\":\"https:\/\/schema.org\",\"@graph\":[{\"@type\":\"WebPage\",\"@id\":\"https:\/\/mathelios.fr\/mathelios-consulting-coaching-formation\/demander-un-devis\/\",\"url\":\"https:\/\/mathelios.fr\/mathelios-consulting-coaching-formation\/demander-un-devis\/\",\"name\":\"Demander un devis - Math\u00e9Lios\",\"isPartOf\":{\"@id\":\"http:\/\/mathelios.fr\/#website\"},\"datePublished\":\"2025-10-13T20:36:13+00:00\",\"dateModified\":\"2025-11-24T18:05:05+00:00\",\"description\":\"Demandez un devis personnalis\u00e9 pour un accompagnement Math\u00e9Lios adapt\u00e9 \u00e0 vos enjeux strat\u00e9giques, humains et organisationnels.\",\"breadcrumb\":{\"@id\":\"https:\/\/mathelios.fr\/mathelios-consulting-coaching-formation\/demander-un-devis\/#breadcrumb\"},\"inLanguage\":\"en-GB\",\"potentialAction\":[{\"@type\":\"ReadAction\",\"target\":[\"https:\/\/mathelios.fr\/mathelios-consulting-coaching-formation\/demander-un-devis\/\"]}]},{\"@type\":\"BreadcrumbList\",\"@id\":\"https:\/\/mathelios.fr\/mathelios-consulting-coaching-formation\/demander-un-devis\/#breadcrumb\",\"itemListElement\":[{\"@type\":\"ListItem\",\"position\":1,\"name\":\"Accueil\",\"item\":\"http:\/\/mathelios.fr\/\"},{\"@type\":\"ListItem\",\"position\":2,\"name\":\"Math\u00e9Lios &#8211; Consulting \/ Coaching \/ Formation\",\"item\":\"http:\/\/mathelios.fr\/\"},{\"@type\":\"ListItem\",\"position\":3,\"name\":\"Demander un devis\"}]},{\"@type\":\"WebSite\",\"@id\":\"http:\/\/mathelios.fr\/#website\",\"url\":\"http:\/\/mathelios.fr\/\",\"name\":\"Math\u00e9Lios\",\"description\":\"Accompagner vos transformations strat\u00e9giques et humaines\",\"publisher\":{\"@id\":\"http:\/\/mathelios.fr\/#organization\"},\"potentialAction\":[{\"@type\":\"SearchAction\",\"target\":{\"@type\":\"EntryPoint\",\"urlTemplate\":\"http:\/\/mathelios.fr\/?s={search_term_string}\"},\"query-input\":{\"@type\":\"PropertyValueSpecification\",\"valueRequired\":true,\"valueName\":\"search_term_string\"}}],\"inLanguage\":\"en-GB\"},{\"@type\":\"Organization\",\"@id\":\"http:\/\/mathelios.fr\/#organization\",\"name\":\"Math\u00e9Lios\",\"url\":\"http:\/\/mathelios.fr\/\",\"logo\":{\"@type\":\"ImageObject\",\"inLanguage\":\"en-GB\",\"@id\":\"http:\/\/mathelios.fr\/#\/schema\/logo\/image\/\",\"url\":\"http:\/\/mathelios.fr\/wp-content\/uploads\/2025\/09\/MatheLios-Logo-Couleur-Menu.webp\",\"contentUrl\":\"http:\/\/mathelios.fr\/wp-content\/uploads\/2025\/09\/MatheLios-Logo-Couleur-Menu.webp\",\"width\":256,\"height\":80,\"caption\":\"Math\u00e9Lios\"},\"image\":{\"@id\":\"http:\/\/mathelios.fr\/#\/schema\/logo\/image\/\"},\"sameAs\":[\"https:\/\/www.facebook.com\/profile.php?id=61583651967718\",\"https:\/\/www.linkedin.com\/company\/110003106\/admin\/dashboard\/\"]}]}<\/script>\n<!-- \/ Yoast SEO plugin. -->","yoast_head_json":{"title":"Demander un devis - Math\u00e9Lios","description":"Demandez un devis personnalis\u00e9 pour un accompagnement Math\u00e9Lios adapt\u00e9 \u00e0 vos enjeux strat\u00e9giques, humains et organisationnels.","robots":{"index":"index","follow":"follow","max-snippet":"max-snippet:-1","max-image-preview":"max-image-preview:large","max-video-preview":"max-video-preview:-1"},"canonical":"https:\/\/mathelios.fr\/en\/mathelios-consulting-coaching-formation\/demander-un-devis\/","og_locale":"en_GB","og_type":"article","og_title":"Demander un devis - Math\u00e9Lios","og_description":"Demandez un devis personnalis\u00e9 pour un accompagnement Math\u00e9Lios adapt\u00e9 \u00e0 vos enjeux strat\u00e9giques, humains et organisationnels.","og_url":"https:\/\/mathelios.fr\/en\/mathelios-consulting-coaching-formation\/demander-un-devis\/","og_site_name":"Math\u00e9Lios","article_publisher":"https:\/\/www.facebook.com\/profile.php?id=61583651967718","article_modified_time":"2025-11-24T18:05:05+00:00","twitter_card":"summary_large_image","twitter_misc":{"Estimated reading time":"1 minute"},"schema":{"@context":"https:\/\/schema.org","@graph":[{"@type":"WebPage","@id":"https:\/\/mathelios.fr\/mathelios-consulting-coaching-formation\/demander-un-devis\/","url":"https:\/\/mathelios.fr\/mathelios-consulting-coaching-formation\/demander-un-devis\/","name":"Demander un devis - Math\u00e9Lios","isPartOf":{"@id":"http:\/\/mathelios.fr\/#website"},"datePublished":"2025-10-13T20:36:13+00:00","dateModified":"2025-11-24T18:05:05+00:00","description":"Demandez un devis personnalis\u00e9 pour un accompagnement Math\u00e9Lios adapt\u00e9 \u00e0 vos enjeux strat\u00e9giques, humains et organisationnels.","breadcrumb":{"@id":"https:\/\/mathelios.fr\/mathelios-consulting-coaching-formation\/demander-un-devis\/#breadcrumb"},"inLanguage":"en-GB","potentialAction":[{"@type":"ReadAction","target":["https:\/\/mathelios.fr\/mathelios-consulting-coaching-formation\/demander-un-devis\/"]}]},{"@type":"BreadcrumbList","@id":"https:\/\/mathelios.fr\/mathelios-consulting-coaching-formation\/demander-un-devis\/#breadcrumb","itemListElement":[{"@type":"ListItem","position":1,"name":"Accueil","item":"http:\/\/mathelios.fr\/"},{"@type":"ListItem","position":2,"name":"Math\u00e9Lios &#8211; Consulting \/ Coaching \/ Formation","item":"http:\/\/mathelios.fr\/"},{"@type":"ListItem","position":3,"name":"Demander un devis"}]},{"@type":"WebSite","@id":"http:\/\/mathelios.fr\/#website","url":"http:\/\/mathelios.fr\/","name":"Mathelios","description":"Accompagner vos transformations strat\u00e9giques et humaines","publisher":{"@id":"http:\/\/mathelios.fr\/#organization"},"potentialAction":[{"@type":"SearchAction","target":{"@type":"EntryPoint","urlTemplate":"http:\/\/mathelios.fr\/?s={search_term_string}"},"query-input":{"@type":"PropertyValueSpecification","valueRequired":true,"valueName":"search_term_string"}}],"inLanguage":"en-GB"},{"@type":"Organization","@id":"http:\/\/mathelios.fr\/#organization","name":"Mathelios","url":"http:\/\/mathelios.fr\/","logo":{"@type":"ImageObject","inLanguage":"en-GB","@id":"http:\/\/mathelios.fr\/#\/schema\/logo\/image\/","url":"http:\/\/mathelios.fr\/wp-content\/uploads\/2025\/09\/MatheLios-Logo-Couleur-Menu.webp","contentUrl":"http:\/\/mathelios.fr\/wp-content\/uploads\/2025\/09\/MatheLios-Logo-Couleur-Menu.webp","width":256,"height":80,"caption":"Math\u00e9Lios"},"image":{"@id":"http:\/\/mathelios.fr\/#\/schema\/logo\/image\/"},"sameAs":["https:\/\/www.facebook.com\/profile.php?id=61583651967718","https:\/\/www.linkedin.com\/company\/110003106\/admin\/dashboard\/"]}]}},"_links":{"self":[{"href":"https:\/\/mathelios.fr\/en\/wp-json\/wp\/v2\/pages\/757","targetHints":{"allow":["GET"]}}],"collection":[{"href":"https:\/\/mathelios.fr\/en\/wp-json\/wp\/v2\/pages"}],"about":[{"href":"https:\/\/mathelios.fr\/en\/wp-json\/wp\/v2\/types\/page"}],"author":[{"embeddable":true,"href":"https:\/\/mathelios.fr\/en\/wp-json\/wp\/v2\/users\/1"}],"replies":[{"embeddable":true,"href":"https:\/\/mathelios.fr\/en\/wp-json\/wp\/v2\/comments?post=757"}],"version-history":[{"count":6,"href":"https:\/\/mathelios.fr\/en\/wp-json\/wp\/v2\/pages\/757\/revisions"}],"predecessor-version":[{"id":1126,"href":"https:\/\/mathelios.fr\/en\/wp-json\/wp\/v2\/pages\/757\/revisions\/1126"}],"up":[{"embeddable":true,"href":"https:\/\/mathelios.fr\/en\/wp-json\/wp\/v2\/pages\/291"}],"wp:attachment":[{"href":"https:\/\/mathelios.fr\/en\/wp-json\/wp\/v2\/media?parent=757"}],"curies":[{"name":"wp","href":"https:\/\/api.w.org\/{rel}","templated":true}]}}