{"id":623,"date":"2025-09-28T15:40:54","date_gmt":"2025-09-28T13:40:54","guid":{"rendered":"http:\/\/mathelios.fr\/?page_id=623"},"modified":"2025-11-24T19:06:04","modified_gmt":"2025-11-24T18:06:04","slug":"domaines-dintervention","status":"publish","type":"page","link":"https:\/\/mathelios.fr\/en\/mathelios-consulting-coaching-formation\/domaines-dintervention\/","title":{"rendered":"Domaines d\\\\\\&rsquo;intervention"},"content":{"rendered":"<div class=\"wpb-content-wrapper\"><div class=\"vc_row wpb_row vc_row-fluid\"   ><div class=\"wpb_column vc_column_container vc_col-sm-12\"><div class=\"vc_column-inner\"><div class=\"wpb_wrapper\">\n\t\t\t\t<p class=\"rs-p-wp-fix\"><\/p>\n\t\t\t\t<sr7-module data-alias=\"obtenir-un-devis-1\" data-id=\"19\" id=\"SR7_19_1\" class=\"rs-ov-hidden\" data-version=\"6.7.32\">\n\t\t\t\t\t<sr7-adjuster><\/sr7-adjuster>\n\t\t\t\t\t<sr7-content>\n\t\t\t\t\t\t<sr7-slide id=\"SR7_19_1-44\" data-key=\"44\">\n\t\t\t\t\t\t\t<h1 id=\"SR7_19_1-44-1\" class=\"sr7-layer\"><span style=\"  display:inline-block;  transform: rotate(-15deg);  transform-origin: left bottom;  position: relative; top:4px; left:8px;\">T<\/span>raining tailored <br>to your challenges<\/h1>\n\t\t\t\t\t\t\t<a id=\"SR7_19_1-44-19\" class=\"sr7-layer\" href=\"https:\/\/mathelios.fr\/en\/mathelios-consulting-coaching-formation\/me-contacter\/\" target=\"_blank\" rel=\"noopener\">Get in Touch<\/a>\n\t\t\t\t\t\t\t<sr7-txt id=\"SR7_19_1-44-20\" class=\"sr7-layer\">TRANSFORMATIONAL ADVISORY \/ TRAINING \/ COACHING<\/sr7-txt>\n\t\t\t\t\t\t<\/sr7-slide>\n\t\t\t\t\t\t<sr7-slide id=\"SR7_19_1-45\" data-key=\"45\">\n\t\t\t\t\t\t<\/sr7-slide>\n\t\t\t\t\t<\/sr7-content>\n\t\t\t\t\t<image_lists style=\"display:none\">\n\t\t\t\t\t\t<img data-src=\"\/\/mathelios.fr\/wp-content\/uploads\/2025\/10\/Mes-formations-MatheLios-scaled.webp\" data-libid=\"774\" data-lib=\"medialibrary\" alt=\"Mes formations - Math\u00e9Lios\" title=\"Mes formations &#8211; Math\u00e9Lios\" width=\"0\" height=\"0\" data-dbsrc=\"Ly9tYXRoZWxpb3MuZnIvd3AtY29udGVudC91cGxvYWRzLzIwMjUvMTAvTWVzLWZvcm1hdGlvbnMtTWF0aGVMaW9zLXNjYWxlZC53ZWJw\"\/>\n\t\t\t\t\t<\/image_lists>\n\t\t\t\t<\/sr7-module>\n\t\t\t\t<script>\n\t\t\t\t\tSR7.PMH ??={}; SR7.PMH[\"SR7_19_1\"] = {cn:100,state:false,fn: function() { if (_tpt!==undefined && _tpt.prepareModuleHeight !== undefined) {  _tpt.prepareModuleHeight({id:\"SR7_19_1\",el:[700,700,500,400,300],type:'hero',shdw:'0',gh:[700,700,500,400,300],gw:[1240,1240,1024,778,480],vpt:['-100px&#039;,&#039;-100px&#039;,&#039;-100px&#039;,&#039;-100px&#039;,&#039;-100px'],size:{fullWidth:true, fullHeight:false},mh:'0',onh:0,onw:0,bg:{color:'{\"orig\":\"transparent\",\"type\":\"solid\",\"string\":\"transparent\"}'},plType:'-1',plColor:'#FFFFFF'});   SR7.PMH[\"SR7_19_1\"].state=true;} else if(SR7.PMH[\"SR7_19_1\"].cn-->0)\tsetTimeout( SR7.PMH[\"SR7_19_1\"].fn,19);}};SR7.PMH[\"SR7_19_1\" ].fn();\n\t\t\t\t<\/script>\n<\/div><\/div><\/div><\/div><div class=\"vc_row wpb_row vc_row-fluid\"   ><div class=\"wpb_column vc_column_container vc_col-sm-12\"><div class=\"vc_column-inner\"><div class=\"wpb_wrapper\"><div class=\"vc_empty_space\"   style=\"height: 40px\"><span class=\"vc_empty_space_inner\"><\/span><\/div>\r\n\t<div class=\"wpb_text_column wpb_content_element  lead\"  >\r\n\t\t<div class=\"wpb_wrapper\">\r\n\t\t\t<h2 style=\"margin-top: 0; line-height: 1.1; text-align: left; color: #092f59;\"><span style=\"display: inline-block; transform: rotate(-15deg); transform-origin: left bottom; position: relative; top: 2px; left: 2px;\">A<\/span>reas of Expertise<\/h2>\n<p style=\"text-align: left;\"><span style=\"color: #092f59;\">My areas of expertise cover five key pillars of sustainable transformation:<\/span><\/p>\n\r\n\t\t<\/div>\r\n\t<\/div>\r\n<div class=\"vc_empty_space\"   style=\"height: 20px\"><span class=\"vc_empty_space_inner\"><\/span><\/div><\/div><\/div><\/div><\/div><div class=\"vc_row wpb_row vc_row-fluid\"   >\t\t\t\t<style>\r\n\t\t\t\t\t.icon-box.effect .icon i:after {\r\n\t\t\t\t\t\tbox-shadow: 0 0 0 3px ;\r\n\t\t\t\t\t}\r\n\t\t\t\t<\/style>\r\n\t\t\t\t<div class=\"wpb_column vc_column_container vc_col-sm-4\"><div class=\"vc_column-inner\"><div class=\"wpb_wrapper\"><div class=\"vc_empty_space\"   style=\"height: 40px\"><span class=\"vc_empty_space_inner\"><\/span><\/div><div class=\"icon-box effect medium clean center\"  ><div class=\"icon\"  style=\"border-color:#21BBEE\"><i class=\"fa fa-solid fa-people-group\" style=\"color:#21BBEE\"><\/i><\/div><h3>Strategic Management &amp; Leadership<\/h3><p>Strategic assessment, design and implementation of tailored action plans. Leadership coaching and performance monitoring to guide your decisions.<\/p>\n<\/div><div class=\"text-center\"><a class=\"button border full-rounded custom\" href=\"https:\/\/mathelios.fr\/en\/mathelios-consulting-coaching-formation\/services\/management-strategique-leadership-decisionnel\/\" target=\"_blank\" style=\"border-color:#092F59;background-color:#FF000000;color:#092F59;\" ><span>Learn More<\/span><\/a><\/div><\/div><\/div><\/div>\t\t\t\t<style>\r\n\t\t\t\t\t.icon-box.effect .icon i:after {\r\n\t\t\t\t\t\tbox-shadow: 0 0 0 3px ;\r\n\t\t\t\t\t}\r\n\t\t\t\t<\/style>\r\n\t\t\t\t<div class=\"wpb_column vc_column_container vc_col-sm-4\"><div class=\"vc_column-inner\"><div class=\"wpb_wrapper\"><div class=\"vc_empty_space\"   style=\"height: 40px\"><span class=\"vc_empty_space_inner\"><\/span><\/div><div class=\"icon-box effect medium clean center\"  ><div class=\"icon\"  style=\"border-color:#21BBEE\"><i class=\"fa fa-solid fa-handshake-angle\" style=\"color:#21BBEE\"><\/i><\/div><h3>Leading Cross-Functional &amp; Complex Projects<\/h3><p>Organisational audits, collaborative methods, and transversal management tools to streamline your projects. Team and manager coaching to strengthen collective efficiency.<\/p>\n<\/div><div class=\"text-center\"><a class=\"button border full-rounded custom\" href=\"https:\/\/mathelios.fr\/en\/mathelios-consulting-coaching-formation\/services\/pilotage-de-projets-transversaux\/\" target=\"_blank\" style=\"border-color:#092F59;background-color:#FF000000;color:#092F59;\" ><span>Learn More<\/span><\/a><\/div><\/div><\/div><\/div>\t\t\t\t<style>\r\n\t\t\t\t\t.icon-box.effect .icon i:after {\r\n\t\t\t\t\t\tbox-shadow: 0 0 0 3px ;\r\n\t\t\t\t\t}\r\n\t\t\t\t<\/style>\r\n\t\t\t\t<div class=\"wpb_column vc_column_container vc_col-sm-4\"><div class=\"vc_column-inner\"><div class=\"wpb_wrapper\"><div class=\"vc_empty_space\"   style=\"height: 40px\"><span class=\"vc_empty_space_inner\"><\/span><\/div><div class=\"icon-box effect medium clean center\"  ><div class=\"icon\"  style=\"border-color:#21BBEE\"><i class=\"fa fa-solid fa-triangle-exclamation\" style=\"color:#21BBEE\"><\/i><\/div><h3>Crisis Management &amp; Resilience<\/h3><p>Risk anticipation, crisis planning, and real-life simulation exercises. Building organisational resilience and leadership under pressure.<\/p>\n<\/div><div class=\"text-center\"><a class=\"button border full-rounded custom\" href=\"https:\/\/mathelios.fr\/en\/mathelios-consulting-coaching-formation\/services\/gestion-de-crise-resilience-organisationnelle\/\" target=\"_blank\" style=\"border-color:#092F59;background-color:#FF000000;color:#092F59;\" ><span>Learn More<\/span><\/a><\/div><\/div><\/div><\/div><\/div><div class=\"vc_row wpb_row vc_row-fluid\"   >\t\t\t\t<style>\r\n\t\t\t\t\t.icon-box.effect .icon i:after {\r\n\t\t\t\t\t\tbox-shadow: 0 0 0 3px ;\r\n\t\t\t\t\t}\r\n\t\t\t\t<\/style>\r\n\t\t\t\t<div class=\"wpb_column vc_column_container vc_col-sm-6\"><div class=\"vc_column-inner\"><div class=\"wpb_wrapper\"><div class=\"vc_empty_space\"   style=\"height: 40px\"><span class=\"vc_empty_space_inner\"><\/span><\/div><div class=\"icon-box effect medium clean center\"  ><div class=\"icon\"  style=\"border-color:#21BBEE\"><i class=\"fa fa-solid fa-chart-line\" style=\"color:#21BBEE\"><\/i><\/div><h3>Change Support &amp; Guidance<\/h3><p>Analysis of internal culture, implementation of transformation plans, and tailored communication strategies. Executive and team coaching to enhance agility in times of change.<\/p>\n<\/div><div class=\"text-center\"><a class=\"button border full-rounded custom\" href=\"https:\/\/mathelios.fr\/en\/mathelios-consulting-coaching-formation\/services\/accompagnement-du-changement-organisationnel\/\" target=\"_blank\" style=\"border-color:#092F59;background-color:#FF000000;color:#092F59;\" ><span>Learn More<\/span><\/a><\/div><\/div><\/div><\/div>\t\t\t\t<style>\r\n\t\t\t\t\t.icon-box.effect .icon i:after {\r\n\t\t\t\t\t\tbox-shadow: 0 0 0 3px ;\r\n\t\t\t\t\t}\r\n\t\t\t\t<\/style>\r\n\t\t\t\t<div class=\"wpb_column vc_column_container vc_col-sm-6\"><div class=\"vc_column-inner\"><div class=\"wpb_wrapper\"><div class=\"vc_empty_space\"   style=\"height: 40px\"><span class=\"vc_empty_space_inner\"><\/span><\/div><div class=\"icon-box effect medium clean center\"  ><div class=\"icon\"  style=\"border-color:#21BBEE\"><i class=\"fa fa-solid fa-money-bill-trend-up\" style=\"color:#21BBEE\"><\/i><\/div><h3>Fundraising &amp; Strategic Influence<\/h3><p>Designing financing strategies and launching targeted influence campaigns. Strengthening institutional relationships and coaching in sustainable impact communication.<\/p>\n<\/div><div class=\"text-center\"><a class=\"button border full-rounded custom\" href=\"https:\/\/mathelios.fr\/en\/mathelios-consulting-coaching-formation\/formations\/levee-de-fonds-plaidoyer-strategique\/\" target=\"_blank\" style=\"border-color:#092F59;background-color:#FF000000;color:#092F59;\" ><span>Learn More<\/span><\/a><\/div><\/div><\/div><\/div><\/div><div class=\"vc_row wpb_row vc_row-fluid\"   ><div class=\"wpb_column vc_column_container vc_col-sm-6\"><div class=\"vc_column-inner\"><div class=\"wpb_wrapper\"><div class=\"vc_empty_space\"   style=\"height: 40px\"><span class=\"vc_empty_space_inner\"><\/span><\/div><\/div><\/div><\/div><div class=\"wpb_column vc_column_container vc_col-sm-6\"><div class=\"vc_column-inner\"><div class=\"wpb_wrapper\"><div class=\"vc_empty_space\"   style=\"height: 40px\"><span class=\"vc_empty_space_inner\"><\/span><\/div><\/div><\/div><\/div><\/div><div data-vc-full-width=\"true\" data-vc-full-width-init=\"false\" data-options='{animation_duration:\"0\", direction: \"reverse\"}' class=\"vc_row wpb_row vc_row-fluid vc_row-has-fill vc_column-gap-30 dzsparallaxer height-is-based-on-content auto-init\"   ><div class=\"divimage dzsparallaxer--target\" style=\" height:150%; background-image:url(https:\/\/mathelios.fr\/wp-content\/uploads\/revslider\/portfolio-slider\/5-1.jpg)\"><\/div><div class=\"wpb_column vc_column_container vc_col-sm-12\"><div class=\"vc_column-inner\"><div class=\"wpb_wrapper\"><div class=\"vc_empty_space\"   style=\"height: 20px\"><span class=\"vc_empty_space_inner\"><\/span><\/div>\r\n\t<div class=\"wpb_text_column wpb_content_element  lead\"  >\r\n\t\t<div class=\"wpb_wrapper\">\r\n\t\t\t<h3 style=\"margin-top: 0px; line-height: 1.1; text-align: center;\"><span style=\"color: #ffffff;\"><strong><span style=\"display: inline-block; transform: rotate(-15deg); transform-origin: left bottom; position: relative; top: 2px; left: 2px;\">M<\/span>ake your first step towards transformation<\/strong><\/span><\/h3>\n\r\n\t\t<\/div>\r\n\t<\/div>\r\n<div class=\"text-center\"><a class=\"button border full-rounded custom\" href=\"https:\/\/mathelios.fr\/en\/mathelios-consulting-coaching-formation\/demander-un-devis\/\" target=\"_blank\" style=\"border-color:#FFFFFF;background-color:#FF000000;color:#FFFFFF;\" ><span>Request a Proposal<\/span><\/a><\/div><div class=\"vc_empty_space\"   style=\"height: 30px\"><span class=\"vc_empty_space_inner\"><\/span><\/div><\/div><\/div><\/div><\/div><div class=\"vc_row-full-width\"><\/div><div class=\"vc_row wpb_row vc_row-fluid\"   ><div class=\"wpb_column vc_column_container vc_col-sm-12\"><div class=\"vc_column-inner\"><div class=\"wpb_wrapper\"><div class=\"vc_empty_space\"   style=\"height: 30px\"><span class=\"vc_empty_space_inner\"><\/span><\/div>\r\n\t<div class=\"wpb_text_column wpb_content_element  lead\"  >\r\n\t\t<div class=\"wpb_wrapper\">\r\n\t\t\t<p class=\"p1\" style=\"text-align: center;\"><strong>Mathelios<\/strong>, is an approach to transformation that <strong>bridges strategic rigour and the power of human connection.<\/strong>.<\/p>\n<p style=\"text-align: center;\">An innovative way of supporting awareness<br \/>\nof meaning and potential,<br \/>\nin individuals and in teams.<br \/>\nThink big.<br \/>\nFor yourself, and for the world.<\/p>\n\r\n\t\t<\/div>\r\n\t<\/div>\r\n<div class=\"vc_empty_space\"   style=\"height: 50px\"><span class=\"vc_empty_space_inner\"><\/span><\/div><\/div><\/div><\/div><\/div><div data-vc-full-width=\"true\" data-vc-full-width-init=\"false\" class=\"vc_row wpb_row vc_row-fluid vc_custom_1758725169663 vc_row-has-fill\"   ><div class=\"wpb_column vc_column_container vc_col-sm-6\"><div class=\"vc_column-inner\"><div class=\"wpb_wrapper\">\r\n\t<div class=\"wpb_text_column wpb_content_element  lead\"  >\r\n\t\t<div class=\"wpb_wrapper\">\r\n\t\t\t<h2 style=\"margin-top: 0; line-height: 1.1; text-align: left; color: #092f59;\"><span style=\"display: inline-block; transform: rotate(-15deg); transform-origin: left bottom; position: relative; top: 2px; left: 2px;\">L<\/span>et\u2019s stay in touch!<\/h2>\n\r\n\t\t<\/div>\r\n\t<\/div>\r\n<div class=\"vc_row wpb_row vc_inner vc_row-fluid\"><div class=\"wpb_column vc_column_container vc_col-sm-12\"><div class=\"vc_column-inner\"><div class=\"wpb_wrapper\">\r\n\t<div class=\"wpb_text_column wpb_content_element\"  >\r\n\t\t<div class=\"wpb_wrapper\">\r\n\t\t\t<p><span style=\"color: #092f59;\"><strong>Phone:<\/strong> (+33) 6 21 33 21 75<\/span><\/p>\n<p><span style=\"color: #092f59;\"><strong>Email:<\/strong> contact@mathelios.fr<\/span><\/p>\n\r\n\t\t<\/div>\r\n\t<\/div>\r\n<\/div><\/div><\/div><\/div><div class=\"text-left\"><div class=\"m-b-5 custom-heading\"  ><h3 style=\"font-size: 18px; color: #092f59 !important; font-weight:bold !important; \">My social networks<\/h3><\/div><\/div><div class=\"vc_empty_space\"   style=\"height: 5px\"><span class=\"vc_empty_space_inner\"><\/span><\/div><div class=\"social-icons social-icons-colored\"><ul><li class=\"social-facebook\"><a href=\"https:\/\/www.facebook.com\/profile.php?id=61583651967718\"><i class=\"fa fa-facebook\"><\/i><\/a><\/li><li class=\"social-linkedin\"><a href=\"https:\/\/www.linkedin.com\/company\/110003106\/admin\/dashboard\/\"><i class=\"fa fa-linkedin\"><\/i><\/a><\/li><\/ul><\/div><\/div><\/div><\/div><div class=\"wpb_column vc_column_container vc_col-sm-6\"><div class=\"vc_column-inner\"><div class=\"wpb_wrapper\"><div class=\"vc_empty_space\"   style=\"height: 30px\"><span class=\"vc_empty_space_inner\"><\/span><\/div><div class=\"contact-form-module\"><form\r\n\t\t\t\t\taction=\"\/en\/wp-json\/wp\/v2\/pages\/623\"\r\n\t\t\t\t\tmethod=\"post\"\r\n\t\t\t\t\tname=\"contactForm1458894784313-358fde12-dd09\"\r\n\t\t\t\t\tid=\"contactForm1458894784313-358fde12-dd09\"\r\n\t\t\t\t\t\r\n\t\t\t        role=\"form\"\r\n\t\t\t        class=\"crumina-contact-form\" data-trp-original-action=\"\/en\/wp-json\/wp\/v2\/pages\/623\"\r\n\t\t\t        ><div class=\"row\"><div class=\"col-md-6\"><div class=\"form-group\"><label class=\"control-label upper\" for=\"name1458894784313-358fde12-dd09\">Name<\/label><input type=\"text\" class=\"form-control required\" name=\"senderName1458894784313-358fde12-dd09\" placeholder=\"Enter your name\" id=\"name1458894784313-358fde12-dd09\" aria-required=\"true\" value=\"\"><\/div><\/div><div class=\"col-md-6\"><div class=\"form-group\"><label class=\"control-label upper\" for=\"email1458894784313-358fde12-dd09\">Email<\/label><input type=\"email\" class=\"form-control required email\" name=\"senderEmail1458894784313-358fde12-dd09\" placeholder=\"Enter your email\" id=\"email1458894784313-358fde12-dd09\" aria-required=\"true\" value=\"\"><\/div><\/div><\/div><div class=\"row\"><div class=\"col-md-12\"><div class=\"form-group\"><label class=\"control-label upper\" for=\"comment1458894784313-358fde12-dd09\">Message<\/label><textarea class=\"form-control required\" name=\"comment1458894784313-358fde12-dd09\" rows=\"9\" placeholder=\"Enter your message\" id=\"comment1458894784313-358fde12-dd09\" aria-required=\"true\"><\/textarea><\/div><\/div><\/div><div class=\"row\"><div class=\"col-md-12\"><div class=\"form-group text-left\"><button class=\"btn btn-white\" type=\"submit\" id=\"form-submit\"><i class=\"fa fa-paper-plane\"><\/i>&nbsp;Send<\/button><\/div><\/div><\/div><input type=\"hidden\" name=\"submitted1458894784313-358fde12-dd09\" id=\"submitted\" value=\"true\" \/><input type=\"hidden\" name=\"trp-form-language\" value=\"en\"\/><\/form><\/div><\/div><\/div><\/div><\/div><div class=\"vc_row-full-width\"><\/div>\n<\/div>","protected":false},"excerpt":{"rendered":"D&#8291es formations adapt\u00e9es \u00e0 vos enjeux Me Contacter CONSEIL \/ FORMATION \/ COACHING TRANSFORMATIONNELS D\u2060omaines d'intervention Mes domaines d\u2019intervention couvrent cinq leviers essentiels des transformations durables : Management Strat\u00e9gique &amp; Leadership D\u00e9cisionnelDiagnostic strat\u00e9gique, conception et mise en \u0153uvre de plans adapt\u00e9s. Coaching en leadership et suivi de la performance pour guider vos d\u00e9cisions. En savoir [...]","protected":false},"author":1,"featured_media":0,"parent":291,"menu_order":0,"comment_status":"closed","ping_status":"closed","template":"","meta":{"footnotes":""},"class_list":["post-623","page","type-page","status-publish","hentry"],"yoast_head":"<!-- This site is optimized with the Yoast SEO plugin v26.3 - https:\/\/yoast.com\/wordpress\/plugins\/seo\/ -->\n<title>Domaines d\\\\\\&#039;intervention - Math\u00e9Lios<\/title>\n<meta name=\"description\" content=\"D\u00e9couvrez les domaines d\u2019intervention Math\u00e9Lios : strat\u00e9gie, leadership, projets, r\u00e9silience, changement et plaidoyer pour transformer durablement vos organisations.\" \/>\n<meta name=\"robots\" content=\"index, follow, max-snippet:-1, max-image-preview:large, max-video-preview:-1\" \/>\n<link rel=\"canonical\" href=\"https:\/\/mathelios.fr\/en\/mathelios-consulting-coaching-formation\/domaines-dintervention\/\" \/>\n<meta property=\"og:locale\" content=\"en_GB\" \/>\n<meta property=\"og:type\" content=\"article\" \/>\n<meta property=\"og:title\" content=\"Domaines d\\\\\\&#039;intervention - Math\u00e9Lios\" \/>\n<meta property=\"og:description\" content=\"D\u00e9couvrez les domaines d\u2019intervention Math\u00e9Lios : strat\u00e9gie, leadership, projets, r\u00e9silience, changement et plaidoyer pour transformer durablement vos organisations.\" \/>\n<meta property=\"og:url\" content=\"https:\/\/mathelios.fr\/en\/mathelios-consulting-coaching-formation\/domaines-dintervention\/\" \/>\n<meta property=\"og:site_name\" content=\"Math\u00e9Lios\" \/>\n<meta property=\"article:publisher\" content=\"https:\/\/www.facebook.com\/profile.php?id=61583651967718\" \/>\n<meta property=\"article:modified_time\" content=\"2025-11-24T18:06:04+00:00\" \/>\n<meta name=\"twitter:card\" content=\"summary_large_image\" \/>\n<meta name=\"twitter:label1\" content=\"Estimated reading time\" \/>\n\t<meta name=\"twitter:data1\" content=\"3 minutes\" \/>\n<script type=\"application\/ld+json\" class=\"yoast-schema-graph\">{\"@context\":\"https:\/\/schema.org\",\"@graph\":[{\"@type\":\"WebPage\",\"@id\":\"https:\/\/mathelios.fr\/mathelios-consulting-coaching-formation\/domaines-dintervention\/\",\"url\":\"https:\/\/mathelios.fr\/mathelios-consulting-coaching-formation\/domaines-dintervention\/\",\"name\":\"Domaines d\\\\\\\\\\\\'intervention - Math\u00e9Lios\",\"isPartOf\":{\"@id\":\"https:\/\/mathelios.fr\/#website\"},\"datePublished\":\"2025-09-28T13:40:54+00:00\",\"dateModified\":\"2025-11-24T18:06:04+00:00\",\"description\":\"D\u00e9couvrez les domaines d\u2019intervention Math\u00e9Lios : strat\u00e9gie, leadership, projets, r\u00e9silience, changement et plaidoyer pour transformer durablement vos organisations.\",\"breadcrumb\":{\"@id\":\"https:\/\/mathelios.fr\/mathelios-consulting-coaching-formation\/domaines-dintervention\/#breadcrumb\"},\"inLanguage\":\"en-GB\",\"potentialAction\":[{\"@type\":\"ReadAction\",\"target\":[\"https:\/\/mathelios.fr\/mathelios-consulting-coaching-formation\/domaines-dintervention\/\"]}]},{\"@type\":\"BreadcrumbList\",\"@id\":\"https:\/\/mathelios.fr\/mathelios-consulting-coaching-formation\/domaines-dintervention\/#breadcrumb\",\"itemListElement\":[{\"@type\":\"ListItem\",\"position\":1,\"name\":\"Accueil\",\"item\":\"https:\/\/mathelios.fr\/\"},{\"@type\":\"ListItem\",\"position\":2,\"name\":\"Math\u00e9Lios &#8211; Consulting \/ Coaching \/ Formation\",\"item\":\"https:\/\/mathelios.fr\/\"},{\"@type\":\"ListItem\",\"position\":3,\"name\":\"Domaines d\\\\\\\\\\\\&rsquo;intervention\"}]},{\"@type\":\"WebSite\",\"@id\":\"https:\/\/mathelios.fr\/#website\",\"url\":\"https:\/\/mathelios.fr\/\",\"name\":\"Math\u00e9Lios\",\"description\":\"Accompagner vos transformations strat\u00e9giques et humaines\",\"publisher\":{\"@id\":\"https:\/\/mathelios.fr\/#organization\"},\"potentialAction\":[{\"@type\":\"SearchAction\",\"target\":{\"@type\":\"EntryPoint\",\"urlTemplate\":\"https:\/\/mathelios.fr\/?s={search_term_string}\"},\"query-input\":{\"@type\":\"PropertyValueSpecification\",\"valueRequired\":true,\"valueName\":\"search_term_string\"}}],\"inLanguage\":\"en-GB\"},{\"@type\":\"Organization\",\"@id\":\"https:\/\/mathelios.fr\/#organization\",\"name\":\"Math\u00e9Lios\",\"url\":\"https:\/\/mathelios.fr\/\",\"logo\":{\"@type\":\"ImageObject\",\"inLanguage\":\"en-GB\",\"@id\":\"https:\/\/mathelios.fr\/#\/schema\/logo\/image\/\",\"url\":\"http:\/\/mathelios.fr\/wp-content\/uploads\/2025\/09\/MatheLios-Logo-Couleur-Menu.webp\",\"contentUrl\":\"http:\/\/mathelios.fr\/wp-content\/uploads\/2025\/09\/MatheLios-Logo-Couleur-Menu.webp\",\"width\":256,\"height\":80,\"caption\":\"Math\u00e9Lios\"},\"image\":{\"@id\":\"https:\/\/mathelios.fr\/#\/schema\/logo\/image\/\"},\"sameAs\":[\"https:\/\/www.facebook.com\/profile.php?id=61583651967718\",\"https:\/\/www.linkedin.com\/company\/110003106\/admin\/dashboard\/\"]}]}<\/script>\n<!-- \/ Yoast SEO plugin. -->","yoast_head_json":{"title":"Domaines d\\\\\\'intervention - Math\u00e9Lios","description":"D\u00e9couvrez les domaines d\u2019intervention Math\u00e9Lios : strat\u00e9gie, leadership, projets, r\u00e9silience, changement et plaidoyer pour transformer durablement vos organisations.","robots":{"index":"index","follow":"follow","max-snippet":"max-snippet:-1","max-image-preview":"max-image-preview:large","max-video-preview":"max-video-preview:-1"},"canonical":"https:\/\/mathelios.fr\/en\/mathelios-consulting-coaching-formation\/domaines-dintervention\/","og_locale":"en_GB","og_type":"article","og_title":"Domaines d\\\\\\'intervention - Math\u00e9Lios","og_description":"D\u00e9couvrez les domaines d\u2019intervention Math\u00e9Lios : strat\u00e9gie, leadership, projets, r\u00e9silience, changement et plaidoyer pour transformer durablement vos organisations.","og_url":"https:\/\/mathelios.fr\/en\/mathelios-consulting-coaching-formation\/domaines-dintervention\/","og_site_name":"Math\u00e9Lios","article_publisher":"https:\/\/www.facebook.com\/profile.php?id=61583651967718","article_modified_time":"2025-11-24T18:06:04+00:00","twitter_card":"summary_large_image","twitter_misc":{"Estimated reading time":"3 minutes"},"schema":{"@context":"https:\/\/schema.org","@graph":[{"@type":"WebPage","@id":"https:\/\/mathelios.fr\/mathelios-consulting-coaching-formation\/domaines-dintervention\/","url":"https:\/\/mathelios.fr\/mathelios-consulting-coaching-formation\/domaines-dintervention\/","name":"Domaines d\\\\\\'intervention - Math\u00e9Lios","isPartOf":{"@id":"https:\/\/mathelios.fr\/#website"},"datePublished":"2025-09-28T13:40:54+00:00","dateModified":"2025-11-24T18:06:04+00:00","description":"D\u00e9couvrez les domaines d\u2019intervention Math\u00e9Lios : strat\u00e9gie, leadership, projets, r\u00e9silience, changement et plaidoyer pour transformer durablement vos organisations.","breadcrumb":{"@id":"https:\/\/mathelios.fr\/mathelios-consulting-coaching-formation\/domaines-dintervention\/#breadcrumb"},"inLanguage":"en-GB","potentialAction":[{"@type":"ReadAction","target":["https:\/\/mathelios.fr\/mathelios-consulting-coaching-formation\/domaines-dintervention\/"]}]},{"@type":"BreadcrumbList","@id":"https:\/\/mathelios.fr\/mathelios-consulting-coaching-formation\/domaines-dintervention\/#breadcrumb","itemListElement":[{"@type":"ListItem","position":1,"name":"Accueil","item":"https:\/\/mathelios.fr\/"},{"@type":"ListItem","position":2,"name":"Math\u00e9Lios &#8211; Consulting \/ Coaching \/ Formation","item":"https:\/\/mathelios.fr\/"},{"@type":"ListItem","position":3,"name":"Domaines d\\\\\\&rsquo;intervention"}]},{"@type":"WebSite","@id":"https:\/\/mathelios.fr\/#website","url":"https:\/\/mathelios.fr\/","name":"Mathelios","description":"Accompagner vos transformations strat\u00e9giques et humaines","publisher":{"@id":"https:\/\/mathelios.fr\/#organization"},"potentialAction":[{"@type":"SearchAction","target":{"@type":"EntryPoint","urlTemplate":"https:\/\/mathelios.fr\/?s={search_term_string}"},"query-input":{"@type":"PropertyValueSpecification","valueRequired":true,"valueName":"search_term_string"}}],"inLanguage":"en-GB"},{"@type":"Organization","@id":"https:\/\/mathelios.fr\/#organization","name":"Mathelios","url":"https:\/\/mathelios.fr\/","logo":{"@type":"ImageObject","inLanguage":"en-GB","@id":"https:\/\/mathelios.fr\/#\/schema\/logo\/image\/","url":"http:\/\/mathelios.fr\/wp-content\/uploads\/2025\/09\/MatheLios-Logo-Couleur-Menu.webp","contentUrl":"http:\/\/mathelios.fr\/wp-content\/uploads\/2025\/09\/MatheLios-Logo-Couleur-Menu.webp","width":256,"height":80,"caption":"Math\u00e9Lios"},"image":{"@id":"https:\/\/mathelios.fr\/#\/schema\/logo\/image\/"},"sameAs":["https:\/\/www.facebook.com\/profile.php?id=61583651967718","https:\/\/www.linkedin.com\/company\/110003106\/admin\/dashboard\/"]}]}},"_links":{"self":[{"href":"https:\/\/mathelios.fr\/en\/wp-json\/wp\/v2\/pages\/623","targetHints":{"allow":["GET"]}}],"collection":[{"href":"https:\/\/mathelios.fr\/en\/wp-json\/wp\/v2\/pages"}],"about":[{"href":"https:\/\/mathelios.fr\/en\/wp-json\/wp\/v2\/types\/page"}],"author":[{"embeddable":true,"href":"https:\/\/mathelios.fr\/en\/wp-json\/wp\/v2\/users\/1"}],"replies":[{"embeddable":true,"href":"https:\/\/mathelios.fr\/en\/wp-json\/wp\/v2\/comments?post=623"}],"version-history":[{"count":34,"href":"https:\/\/mathelios.fr\/en\/wp-json\/wp\/v2\/pages\/623\/revisions"}],"predecessor-version":[{"id":1127,"href":"https:\/\/mathelios.fr\/en\/wp-json\/wp\/v2\/pages\/623\/revisions\/1127"}],"up":[{"embeddable":true,"href":"https:\/\/mathelios.fr\/en\/wp-json\/wp\/v2\/pages\/291"}],"wp:attachment":[{"href":"https:\/\/mathelios.fr\/en\/wp-json\/wp\/v2\/media?parent=623"}],"curies":[{"name":"wp","href":"https:\/\/api.w.org\/{rel}","templated":true}]}}