{"id":353,"date":"2016-03-14T08:09:05","date_gmt":"2016-03-14T08:09:05","guid":{"rendered":"http:\/\/theme.crumina.net\/polo\/?page_id=1156"},"modified":"2025-11-24T19:12:09","modified_gmt":"2025-11-24T18:12:09","slug":"presentation","status":"publish","type":"page","link":"https:\/\/mathelios.fr\/en\/mathelios-consulting-coaching-formation\/presentation\/","title":{"rendered":"Overview"},"content":{"rendered":"<div class=\"wpb-content-wrapper\"><div class=\"vc_row wpb_row vc_row-fluid\"   ><div class=\"wpb_column vc_column_container vc_col-sm-12\"><div class=\"vc_column-inner\"><div class=\"wpb_wrapper\">\n\t\t\t\t<p class=\"rs-p-wp-fix\"><\/p>\n\t\t\t\t<sr7-module data-alias=\"me-contacter-11\" data-id=\"21\" id=\"SR7_21_1\" class=\"rs-ov-hidden\" data-version=\"6.7.32\">\n\t\t\t\t\t<sr7-adjuster><\/sr7-adjuster>\n\t\t\t\t\t<sr7-content>\n\t\t\t\t\t\t<sr7-slide id=\"SR7_21_1-46\" data-key=\"46\">\n\t\t\t\t\t\t\t<h1 id=\"SR7_21_1-46-1\" class=\"sr7-layer\"><span style=\"  display:inline-block;  transform: rotate(-15deg);  transform-origin: left bottom;  position: relative; top:6px; left:6px;\">W<\/span>ho am I? <span style=\"  display:inline-block;  transform: rotate(-15deg);  transform-origin: left bottom;  position: relative; top:4px; left:6px;<\/h1>\t\t\t\t\t\t<\/sr7-slide>\t\t\t\t\t\t<sr7-slide id=\"sr7_21_1-47\" data-key=\"47\">\n\t\t\t\t\t\t<\/sr7-slide>\n\t\t\t\t\t<\/sr7-content>\n\t\t\t\t\t<image_lists style=\"display:none\">\n\t\t\t\t\t\t<img data-src=\"\/\/mathelios.fr\/wp-content\/uploads\/2025\/11\/Mains-Liees-MatheLios-1-scaled.webp\" data-libid=\"989\" data-lib=\"medialibrary\" alt=\"Mains Li\u00e9es - Math\u00e9Lios\" title=\"Mains Li\u00e9es &#8211; Math\u00e9Lios\" width=\"0\" height=\"0\" data-dbsrc=\"Ly9tYXRoZWxpb3MuZnIvd3AtY29udGVudC91cGxvYWRzLzIwMjUvMTEvTWFpbnMtTGllZXMtTWF0aGVMaW9zLTEtc2NhbGVkLndlYnA=\"\/>\n\t\t\t\t\t<\/image_lists>\n\t\t\t\t<\/sr7-module>\n\t\t\t\t<script>\n\t\t\t\t\tSR7.PMH ??={}; SR7.PMH[\"SR7_21_1\"] = {cn:100,state:false,fn: function() { if (_tpt!==undefined && _tpt.prepareModuleHeight !== undefined) {  _tpt.prepareModuleHeight({id:\"SR7_21_1\",el:[400,400,500,400,300],type:'hero',shdw:'0',gh:[400,400,500,400,300],gw:[1240,1240,1024,778,480],vpt:['-100px&#039;,&#039;-100px&#039;,&#039;-100px&#039;,&#039;-100px&#039;,&#039;-100px'],size:{fullWidth:true, fullHeight:false},mh:'0',onh:0,onw:0,bg:{color:'{\"orig\":\"transparent\",\"type\":\"solid\",\"string\":\"transparent\"}'},plType:'-1',plColor:'#FFFFFF'});   SR7.PMH[\"SR7_21_1\"].state=true;} else if(SR7.PMH[\"SR7_21_1\"].cn-->0)\tsetTimeout( SR7.PMH[\"SR7_21_1\"].fn,19);}};SR7.PMH[\"SR7_21_1\" ].fn();\n\t\t\t\t<\/script>\n<\/div><\/div><\/div><\/div><div data-vc-full-width=\"true\" data-vc-full-width-init=\"false\" class=\"vc_row wpb_row vc_row-fluid vc_custom_1759064196391 vc_row-has-fill\"   ><div class=\"wpb_column vc_column_container vc_col-sm-3\"><div class=\"vc_column-inner\"><div class=\"wpb_wrapper\">\r\n\t<div class=\"wpb_text_column wpb_content_element  vc_custom_1761603999934 lead\"  >\r\n\t\t<div class=\"wpb_wrapper\">\r\n\t\t\t<h2 style=\"margin-top: 0; line-height: 1.1; text-align: left;\"><span style=\"display: inline-block; transform: rotate(-15deg); transform-origin: left bottom; position: relative; top: 2px; left: 3px;\">A<\/span> bout<\/h2>\n\r\n\t\t<\/div>\r\n\t<\/div>\r\n<\/div><\/div><\/div><div class=\"wpb_column vc_column_container vc_col-sm-9\"><div class=\"vc_column-inner\"><div class=\"wpb_wrapper\">\r\n\t<div class=\"wpb_text_column wpb_content_element\"  >\r\n\t\t<div class=\"wpb_wrapper\">\r\n\t\t\t<p>Trainer, consultant and coach, I have been supporting leaders, teams, and organisations for over fifteen years in their transformation journeys.<\/p>\n<p>My approach bridges strategy, collective intelligence, and human development to foster sustainable solutions, grounded in reality and driven by purpose.<br \/>\nThese years of experience have taught me that the success of any project depends above all on the quality of relationships, the clarity of direction, and the trust shared among people.<\/p>\n<p>Through <b>Mathelios<\/b>I wanted to create a space for guidance where strategic rigour, openness, cooperation, and humanity come together.<br \/>\nEach engagement is a living, co-constructed journey, where transformation becomes a process of learning and renewal.<\/p>\n\r\n\t\t<\/div>\r\n\t<\/div>\r\n<\/div><\/div><\/div><\/div><div class=\"vc_row-full-width\"><\/div><div data-vc-full-width=\"true\" data-vc-full-width-init=\"false\" class=\"vc_row wpb_row vc_row-fluid vc_custom_1759064273077 vc_row-has-fill\"   ><div class=\"wpb_column vc_column_container vc_col-sm-3\"><div class=\"vc_column-inner\"><div class=\"wpb_wrapper\">\r\n\t<div class=\"wpb_text_column wpb_content_element  vc_custom_1761604019643 lead\"  >\r\n\t\t<div class=\"wpb_wrapper\">\r\n\t\t\t<h2 style=\"margin-top: 0; line-height: 1.1; text-align: left; color: #ffffff;\"><span style=\"display: inline-block; transform: rotate(-15deg); transform-origin: left bottom; position: relative; top: 2px; left: 2px;\">M<\/span>y skills<\/h2>\n\r\n\t\t<\/div>\r\n\t<\/div>\r\n<\/div><\/div><\/div><div class=\"wpb_column vc_column_container vc_col-sm-9\"><div class=\"vc_column-inner\"><div class=\"wpb_wrapper\"><div class=\"vc_progress_bar wpb_content_element\" ><div class=\"vc_general vc_single_bar\"><small class=\"vc_label\" style=\"color:#FFFFFF;\">P\u00e9dagogie et ing\u00e9nierie de formation<\/small><span class=\"vc_bar\" data-percentage-value=\"100\" data-value=\"100\" style=\"background-color:#21BBEE;\"><\/span><\/div><div class=\"vc_general vc_single_bar\"><small class=\"vc_label\" style=\"color:#FFFFFF;\">Management et accompagnement du changement<\/small><span class=\"vc_bar\" data-percentage-value=\"100\" data-value=\"100\" style=\"background-color:#21BBEE;\"><\/span><\/div><div class=\"vc_general vc_single_bar\"><small class=\"vc_label\" style=\"color:#FFFFFF;\">Communication et leadership<\/small><span class=\"vc_bar\" data-percentage-value=\"100\" data-value=\"100\" style=\"background-color:#21BBEE;\"><\/span><\/div><\/div><\/div><\/div><\/div><\/div><div class=\"vc_row-full-width\"><\/div><div data-vc-full-width=\"true\" data-vc-full-width-init=\"false\" data-vc-stretch-content=\"true\" class=\"vc_row wpb_row vc_row-fluid color-changed vc_custom_1761604129695 vc_row-has-fill vc_row-no-padding\"   style=\"color:#FFFFFF\"  ><div class=\"wpb_column vc_column_container vc_col-sm-4 vc_col-has-fill\"><div class=\"vc_column-inner vc_custom_1759082598412\"><div class=\"wpb_wrapper\">\r\n\t<div class=\"wpb_text_column wpb_content_element  vc_custom_1761604187481\"  >\r\n\t\t<div class=\"wpb_wrapper\">\r\n\t\t\t<p class=\"text-large text-uppercase\"><strong><span style=\"color: #092f59;\">01.<\/span><\/strong><\/p>\n<h2><span style=\"color: #092f59;\">LISTENING \/ DIAGNOSIS<\/span><\/h2>\n<p><span style=\"color: #092f59;\">Every engagement begins with a phase of active listening and shared exploration.<\/span><br \/>\n<span style=\"color: #092f59;\">I seek to understand your ecosystem, internal dynamics, and priorities in order to co-create a shared understanding of your challenges and opportunities.<\/span><br \/>\n<span style=\"color: #092f59;\">This stage builds the relationship on trust, clarity, and mutual respect.<\/span><\/p>\n\r\n\t\t<\/div>\r\n\t<\/div>\r\n<\/div><\/div><\/div><div class=\"wpb_column vc_column_container vc_col-sm-4 vc_col-has-fill\"><div class=\"vc_column-inner vc_custom_1759082582838\"><div class=\"wpb_wrapper\">\r\n\t<div class=\"wpb_text_column wpb_content_element  vc_custom_1761604182352\"  >\r\n\t\t<div class=\"wpb_wrapper\">\r\n\t\t\t<p class=\"text-large text-uppercase\"><span style=\"color: #ffffff;\"><strong>02.<\/strong><\/span><\/p>\n<h2><span style=\"color: #ffffff;\">ACTION \/ COMMITMENT<\/span><\/h2>\n<p class=\"p1\"><span style=\"color: #ffffff;\">Solutions are built with you and from you.<\/span><br \/>\n<span style=\"color: #ffffff;\"><br \/>\nThrough experimentation, dialogue, and collaboration, I facilitate spaces for collective action where ideas take shape and become tangible drivers of transformation.\nEach step is part of a shared learning journey.<\/span><\/p>\n\r\n\t\t<\/div>\r\n\t<\/div>\r\n<\/div><\/div><\/div><div class=\"wpb_column vc_column_container vc_col-sm-4 vc_col-has-fill\"><div class=\"vc_column-inner vc_custom_1760883214950\"><div class=\"wpb_wrapper\">\r\n\t<div class=\"wpb_text_column wpb_content_element  vc_custom_1761604193888\"  >\r\n\t\t<div class=\"wpb_wrapper\">\r\n\t\t\t<p class=\"text-large text-uppercase\"><span style=\"color: #ffffff;\"><strong>03.<\/strong><\/span><\/p>\n<h2 class=\"p1\"><span style=\"color: #ffffff;\"><b>FOLLOW-UP \/ CONSOLIDATION\u00a0<\/b><\/span><\/h2>\n<p><span style=\"color: #ffffff;\">Lasting transformation grows through continuity and attention to relationships.<\/span><br \/>\n<span style=\"color: #ffffff;\"><br \/>\nI offer ongoing support to strengthen learning, adjust practices, and embed change over time.<\/span><br \/>\n<span style=\"color: #ffffff;\">The goal: turning movement into a living balance.<\/span><\/p>\n\r\n\t\t<\/div>\r\n\t<\/div>\r\n<\/div><\/div><\/div><\/div><div class=\"vc_row-full-width\"><\/div><div class=\"vc_row wpb_row vc_row-fluid\"   ><div class=\"wpb_column vc_column_container vc_col-sm-12\"><div class=\"vc_column-inner\"><div class=\"wpb_wrapper\">\n<div class=\"vc_grid-container-wrapper vc_clearfix vc_grid-animation-zoomIn\">\n\t<div class=\"vc_grid-container vc_clearfix wpb_content_element vc_masonry_media_grid\" data-initial-loading-animation=\"zoomIn\" data-vc-grid-settings=\"{&quot;page_id&quot;:353,&quot;style&quot;:&quot;all-masonry&quot;,&quot;action&quot;:&quot;vc_get_vc_grid_data&quot;,&quot;shortcode_id&quot;:&quot;1763820265785-1bb6a9b749edb1c279cb12f25dd3965d-2&quot;,&quot;tag&quot;:&quot;vc_masonry_media_grid&quot;}\" data-vc-request=\"https:\/\/mathelios.fr\/wp-admin\/admin-ajax.php\" data-vc-post-id=\"353\" data-vc-public-nonce=\"d0a231339a\">\n\t\t\n\t<\/div>\n<\/div><\/div><\/div><\/div><\/div>\n<\/div>","protected":false},"excerpt":{"rendered":"Q&#8288ui suis-je ?","protected":false},"author":1,"featured_media":0,"parent":291,"menu_order":0,"comment_status":"closed","ping_status":"closed","template":"","meta":{"footnotes":""},"class_list":["post-353","page","type-page","status-publish","hentry"],"yoast_head":"<!-- This site is optimized with the Yoast SEO plugin v26.3 - https:\/\/yoast.com\/wordpress\/plugins\/seo\/ -->\n<title>Pr\u00e9sentation - Math\u00e9Lios<\/title>\n<meta name=\"description\" content=\"L\u2019approche Math\u00e9Lios : un accompagnement sur-mesure m\u00ealant strat\u00e9gie, d\u00e9veloppement humain et expertise internationale.\" \/>\n<meta name=\"robots\" content=\"index, follow, max-snippet:-1, max-image-preview:large, max-video-preview:-1\" \/>\n<link rel=\"canonical\" href=\"http:\/\/mathelios.fr\/en\/mathelios-consulting-coaching-formation\/presentation\/\" \/>\n<meta property=\"og:locale\" content=\"en_GB\" \/>\n<meta property=\"og:type\" content=\"article\" \/>\n<meta property=\"og:title\" content=\"Pr\u00e9sentation - Math\u00e9Lios\" \/>\n<meta property=\"og:description\" content=\"L\u2019approche Math\u00e9Lios : un accompagnement sur-mesure m\u00ealant strat\u00e9gie, d\u00e9veloppement humain et expertise internationale.\" \/>\n<meta property=\"og:url\" content=\"http:\/\/mathelios.fr\/en\/mathelios-consulting-coaching-formation\/presentation\/\" \/>\n<meta property=\"og:site_name\" content=\"Math\u00e9Lios\" \/>\n<meta property=\"article:publisher\" content=\"https:\/\/www.facebook.com\/profile.php?id=61583651967718\" \/>\n<meta property=\"article:modified_time\" content=\"2025-11-24T18:12:09+00:00\" \/>\n<meta name=\"twitter:card\" content=\"summary_large_image\" \/>\n<meta name=\"twitter:label1\" content=\"Estimated reading time\" \/>\n\t<meta name=\"twitter:data1\" content=\"2 minutes\" \/>\n<script type=\"application\/ld+json\" class=\"yoast-schema-graph\">{\"@context\":\"https:\/\/schema.org\",\"@graph\":[{\"@type\":\"WebPage\",\"@id\":\"http:\/\/mathelios.fr\/mathelios-consulting-coaching-formation\/presentation\/\",\"url\":\"http:\/\/mathelios.fr\/mathelios-consulting-coaching-formation\/presentation\/\",\"name\":\"Pr\u00e9sentation - Math\u00e9Lios\",\"isPartOf\":{\"@id\":\"http:\/\/mathelios.fr\/#website\"},\"datePublished\":\"2016-03-14T08:09:05+00:00\",\"dateModified\":\"2025-11-24T18:12:09+00:00\",\"description\":\"L\u2019approche Math\u00e9Lios : un accompagnement sur-mesure m\u00ealant strat\u00e9gie, d\u00e9veloppement humain et expertise internationale.\",\"breadcrumb\":{\"@id\":\"http:\/\/mathelios.fr\/mathelios-consulting-coaching-formation\/presentation\/#breadcrumb\"},\"inLanguage\":\"en-GB\",\"potentialAction\":[{\"@type\":\"ReadAction\",\"target\":[\"http:\/\/mathelios.fr\/mathelios-consulting-coaching-formation\/presentation\/\"]}]},{\"@type\":\"BreadcrumbList\",\"@id\":\"http:\/\/mathelios.fr\/mathelios-consulting-coaching-formation\/presentation\/#breadcrumb\",\"itemListElement\":[{\"@type\":\"ListItem\",\"position\":1,\"name\":\"Accueil\",\"item\":\"http:\/\/mathelios.fr\/\"},{\"@type\":\"ListItem\",\"position\":2,\"name\":\"Math\u00e9Lios &#8211; Consulting \/ Coaching \/ Formation\",\"item\":\"http:\/\/mathelios.fr\/\"},{\"@type\":\"ListItem\",\"position\":3,\"name\":\"Pr\u00e9sentation\"}]},{\"@type\":\"WebSite\",\"@id\":\"http:\/\/mathelios.fr\/#website\",\"url\":\"http:\/\/mathelios.fr\/\",\"name\":\"Math\u00e9Lios\",\"description\":\"Accompagner vos transformations strat\u00e9giques et humaines\",\"publisher\":{\"@id\":\"http:\/\/mathelios.fr\/#organization\"},\"potentialAction\":[{\"@type\":\"SearchAction\",\"target\":{\"@type\":\"EntryPoint\",\"urlTemplate\":\"http:\/\/mathelios.fr\/?s={search_term_string}\"},\"query-input\":{\"@type\":\"PropertyValueSpecification\",\"valueRequired\":true,\"valueName\":\"search_term_string\"}}],\"inLanguage\":\"en-GB\"},{\"@type\":\"Organization\",\"@id\":\"http:\/\/mathelios.fr\/#organization\",\"name\":\"Math\u00e9Lios\",\"url\":\"http:\/\/mathelios.fr\/\",\"logo\":{\"@type\":\"ImageObject\",\"inLanguage\":\"en-GB\",\"@id\":\"http:\/\/mathelios.fr\/#\/schema\/logo\/image\/\",\"url\":\"http:\/\/mathelios.fr\/wp-content\/uploads\/2025\/09\/MatheLios-Logo-Couleur-Menu.webp\",\"contentUrl\":\"http:\/\/mathelios.fr\/wp-content\/uploads\/2025\/09\/MatheLios-Logo-Couleur-Menu.webp\",\"width\":256,\"height\":80,\"caption\":\"Math\u00e9Lios\"},\"image\":{\"@id\":\"http:\/\/mathelios.fr\/#\/schema\/logo\/image\/\"},\"sameAs\":[\"https:\/\/www.facebook.com\/profile.php?id=61583651967718\",\"https:\/\/www.linkedin.com\/company\/110003106\/admin\/dashboard\/\"]}]}<\/script>\n<!-- \/ Yoast SEO plugin. -->","yoast_head_json":{"title":"Pr\u00e9sentation - Math\u00e9Lios","description":"L\u2019approche Math\u00e9Lios : un accompagnement sur-mesure m\u00ealant strat\u00e9gie, d\u00e9veloppement humain et expertise internationale.","robots":{"index":"index","follow":"follow","max-snippet":"max-snippet:-1","max-image-preview":"max-image-preview:large","max-video-preview":"max-video-preview:-1"},"canonical":"http:\/\/mathelios.fr\/en\/mathelios-consulting-coaching-formation\/presentation\/","og_locale":"en_GB","og_type":"article","og_title":"Pr\u00e9sentation - Math\u00e9Lios","og_description":"L\u2019approche Math\u00e9Lios : un accompagnement sur-mesure m\u00ealant strat\u00e9gie, d\u00e9veloppement humain et expertise internationale.","og_url":"http:\/\/mathelios.fr\/en\/mathelios-consulting-coaching-formation\/presentation\/","og_site_name":"Math\u00e9Lios","article_publisher":"https:\/\/www.facebook.com\/profile.php?id=61583651967718","article_modified_time":"2025-11-24T18:12:09+00:00","twitter_card":"summary_large_image","twitter_misc":{"Estimated reading time":"2 minutes"},"schema":{"@context":"https:\/\/schema.org","@graph":[{"@type":"WebPage","@id":"http:\/\/mathelios.fr\/mathelios-consulting-coaching-formation\/presentation\/","url":"http:\/\/mathelios.fr\/mathelios-consulting-coaching-formation\/presentation\/","name":"Pr\u00e9sentation - Math\u00e9Lios","isPartOf":{"@id":"http:\/\/mathelios.fr\/#website"},"datePublished":"2016-03-14T08:09:05+00:00","dateModified":"2025-11-24T18:12:09+00:00","description":"L\u2019approche Math\u00e9Lios : un accompagnement sur-mesure m\u00ealant strat\u00e9gie, d\u00e9veloppement humain et expertise internationale.","breadcrumb":{"@id":"http:\/\/mathelios.fr\/mathelios-consulting-coaching-formation\/presentation\/#breadcrumb"},"inLanguage":"en-GB","potentialAction":[{"@type":"ReadAction","target":["http:\/\/mathelios.fr\/mathelios-consulting-coaching-formation\/presentation\/"]}]},{"@type":"BreadcrumbList","@id":"http:\/\/mathelios.fr\/mathelios-consulting-coaching-formation\/presentation\/#breadcrumb","itemListElement":[{"@type":"ListItem","position":1,"name":"Accueil","item":"http:\/\/mathelios.fr\/"},{"@type":"ListItem","position":2,"name":"Math\u00e9Lios &#8211; Consulting \/ Coaching \/ Formation","item":"http:\/\/mathelios.fr\/"},{"@type":"ListItem","position":3,"name":"Pr\u00e9sentation"}]},{"@type":"WebSite","@id":"http:\/\/mathelios.fr\/#website","url":"http:\/\/mathelios.fr\/","name":"Mathelios","description":"Accompagner vos transformations strat\u00e9giques et humaines","publisher":{"@id":"http:\/\/mathelios.fr\/#organization"},"potentialAction":[{"@type":"SearchAction","target":{"@type":"EntryPoint","urlTemplate":"http:\/\/mathelios.fr\/?s={search_term_string}"},"query-input":{"@type":"PropertyValueSpecification","valueRequired":true,"valueName":"search_term_string"}}],"inLanguage":"en-GB"},{"@type":"Organization","@id":"http:\/\/mathelios.fr\/#organization","name":"Mathelios","url":"http:\/\/mathelios.fr\/","logo":{"@type":"ImageObject","inLanguage":"en-GB","@id":"http:\/\/mathelios.fr\/#\/schema\/logo\/image\/","url":"http:\/\/mathelios.fr\/wp-content\/uploads\/2025\/09\/MatheLios-Logo-Couleur-Menu.webp","contentUrl":"http:\/\/mathelios.fr\/wp-content\/uploads\/2025\/09\/MatheLios-Logo-Couleur-Menu.webp","width":256,"height":80,"caption":"Math\u00e9Lios"},"image":{"@id":"http:\/\/mathelios.fr\/#\/schema\/logo\/image\/"},"sameAs":["https:\/\/www.facebook.com\/profile.php?id=61583651967718","https:\/\/www.linkedin.com\/company\/110003106\/admin\/dashboard\/"]}]}},"_links":{"self":[{"href":"https:\/\/mathelios.fr\/en\/wp-json\/wp\/v2\/pages\/353","targetHints":{"allow":["GET"]}}],"collection":[{"href":"https:\/\/mathelios.fr\/en\/wp-json\/wp\/v2\/pages"}],"about":[{"href":"https:\/\/mathelios.fr\/en\/wp-json\/wp\/v2\/types\/page"}],"author":[{"embeddable":true,"href":"https:\/\/mathelios.fr\/en\/wp-json\/wp\/v2\/users\/1"}],"replies":[{"embeddable":true,"href":"https:\/\/mathelios.fr\/en\/wp-json\/wp\/v2\/comments?post=353"}],"version-history":[{"count":45,"href":"https:\/\/mathelios.fr\/en\/wp-json\/wp\/v2\/pages\/353\/revisions"}],"predecessor-version":[{"id":1124,"href":"https:\/\/mathelios.fr\/en\/wp-json\/wp\/v2\/pages\/353\/revisions\/1124"}],"up":[{"embeddable":true,"href":"https:\/\/mathelios.fr\/en\/wp-json\/wp\/v2\/pages\/291"}],"wp:attachment":[{"href":"https:\/\/mathelios.fr\/en\/wp-json\/wp\/v2\/media?parent=353"}],"curies":[{"name":"wp","href":"https:\/\/api.w.org\/{rel}","templated":true}]}}